{"id":26113,"date":"2026-02-26T13:56:30","date_gmt":"2026-02-26T18:56:30","guid":{"rendered":"https:\/\/hospedajemagdalenhouse.com\/?page_id=26113"},"modified":"2026-03-25T17:20:36","modified_gmt":"2026-03-25T22:20:36","slug":"guarderia-equipaje-lima","status":"publish","type":"page","link":"https:\/\/hospedajemagdalenhouse.com\/en\/guarderia-equipaje-lima\/","title":{"rendered":"Guarderia Equipaje Lima"},"content":{"rendered":"<div data-elementor-type=\"wp-page\" data-elementor-id=\"26113\" class=\"elementor elementor-26113\" data-elementor-post-type=\"page\">\n\t\t\t\t<div class=\"elementor-element elementor-element-d4ef0db e-flex e-con-boxed e-con e-parent\" data-id=\"d4ef0db\" data-element_type=\"container\" data-e-type=\"container\">\n\t\t\t\t\t<div class=\"e-con-inner\">\n\t\t<div class=\"elementor-element elementor-element-fca05cf e-con-full e-flex e-con e-child\" data-id=\"fca05cf\" data-element_type=\"container\" data-e-type=\"container\">\n\t\t\t\t<div class=\"elementor-element elementor-element-2f86a50 elementor-widget elementor-widget-heading\" data-id=\"2f86a50\" data-element_type=\"widget\" data-e-type=\"widget\" data-widget_type=\"heading.default\">\n\t\t\t\t<div class=\"elementor-widget-container\">\n\t\t\t\t\t<h1 class=\"elementor-heading-title elementor-size-default\">Guarder\u00eda de Equipaje en Lima<\/h1>\t\t\t\t<\/div>\n\t\t\t\t<\/div>\n\t\t\t\t<div class=\"elementor-element elementor-element-84872cd elementor-widget elementor-widget-text-editor\" data-id=\"84872cd\" data-element_type=\"widget\" data-e-type=\"widget\" data-widget_type=\"text-editor.default\">\n\t\t\t\t<div class=\"elementor-widget-container\">\n\t\t\t\t\t\t\t\t\tIn Magdalen House we are now the official point of <b>Stasher<\/b> y <b>Qeepl<\/b>. Store your luggage in a space <b>safe and reliable<\/b>while enjoying the city without worries.\nWe are available 24\/7, close to the airport and the main tourist attractions.\nTravel light, we care for yours.\t\t\t\t\t\t\t\t<\/div>\n\t\t\t\t<\/div>\n\t\t<div class=\"elementor-element elementor-element-cddb43c e-con-full e-flex e-con e-child\" data-id=\"cddb43c\" data-element_type=\"container\" data-e-type=\"container\">\n\t\t\t\t<div class=\"elementor-element elementor-element-a213102 elementor-widget elementor-widget-button\" data-id=\"a213102\" data-element_type=\"widget\" data-e-type=\"widget\" data-widget_type=\"button.default\">\n\t\t\t\t<div class=\"elementor-widget-container\">\n\t\t\t\t\t\t\t\t\t<div class=\"elementor-button-wrapper\">\n\t\t\t\t\t<a class=\"elementor-button elementor-button-link elementor-size-sm elementor-animation-grow\" href=\"https:\/\/stasher.com\/es\/search?amount=1&#038;coordinates=-12.0862688%2C-77.07157889999999&#038;dropOff=2025-06-17T11%3A00%3A00%5BAmerica%2FLima%5D&#038;pickUp=2025-06-17T12%3A00%3A00%5BAmerica%2FLima%5D&#038;view=STASHPOINT&#038;storageSpaces=%7B%7D&#038;search=Jir%C3%B3n+Ayacucho+778%2C+Magdalena+del+Mar%2C+Per%C3%BA&#038;stashpointId=3a09ad0cf88d\" target=\"_blank\" rel=\"noopener\">\n\t\t\t\t\t\t<span class=\"elementor-button-content-wrapper\">\n\t\t\t\t\t\t\t\t\t<span class=\"elementor-button-text\">Use Stasher<\/span>\n\t\t\t\t\t<\/span>\n\t\t\t\t\t<\/a>\n\t\t\t\t<\/div>\n\t\t\t\t\t\t\t\t<\/div>\n\t\t\t\t<\/div>\n\t\t\t\t<div class=\"elementor-element elementor-element-a87a27c elementor-widget elementor-widget-button\" data-id=\"a87a27c\" data-element_type=\"widget\" data-e-type=\"widget\" data-widget_type=\"button.default\">\n\t\t\t\t<div class=\"elementor-widget-container\">\n\t\t\t\t\t\t\t\t\t<div class=\"elementor-button-wrapper\">\n\t\t\t\t\t<a class=\"elementor-button elementor-button-link elementor-size-sm elementor-animation-grow\" href=\"https:\/\/qeepl.com\/es\/map\/68470f0d60f61d00b78776de\" target=\"_blank\" rel=\"noopener\">\n\t\t\t\t\t\t<span class=\"elementor-button-content-wrapper\">\n\t\t\t\t\t\t\t\t\t<span class=\"elementor-button-text\">Use Qeepl<\/span>\n\t\t\t\t\t<\/span>\n\t\t\t\t\t<\/a>\n\t\t\t\t<\/div>\n\t\t\t\t\t\t\t\t<\/div>\n\t\t\t\t<\/div>\n\t\t\t\t<\/div>\n\t\t\t\t<\/div>\n\t\t<div class=\"elementor-element elementor-element-96938e3 e-con-full e-flex e-con e-child\" data-id=\"96938e3\" data-element_type=\"container\" data-e-type=\"container\">\n\t\t\t\t<div class=\"elementor-element elementor-element-49b169c elementor-widget elementor-widget-image\" data-id=\"49b169c\" data-element_type=\"widget\" data-e-type=\"widget\" data-widget_type=\"image.default\">\n\t\t\t\t<div class=\"elementor-widget-container\">\n\t\t\t\t\t\t\t\t\t\t\t\t\t\t\t<img fetchpriority=\"high\" decoding=\"async\" width=\"780\" height=\"780\" src=\"https:\/\/hospedajemagdalenhouse.com\/wp-content\/uploads\/2025\/06\/Equipaje-1-1024x1024.png\" class=\"attachment-large size-large wp-image-24274\" alt=\"\" srcset=\"https:\/\/hospedajemagdalenhouse.com\/wp-content\/uploads\/2025\/06\/Equipaje-1-1024x1024.png 1024w, https:\/\/hospedajemagdalenhouse.com\/wp-content\/uploads\/2025\/06\/Equipaje-1-300x300.png 300w, https:\/\/hospedajemagdalenhouse.com\/wp-content\/uploads\/2025\/06\/Equipaje-1-150x150.png 150w, https:\/\/hospedajemagdalenhouse.com\/wp-content\/uploads\/2025\/06\/Equipaje-1-768x768.png 768w, https:\/\/hospedajemagdalenhouse.com\/wp-content\/uploads\/2025\/06\/Equipaje-1-1536x1536.png 1536w, https:\/\/hospedajemagdalenhouse.com\/wp-content\/uploads\/2025\/06\/Equipaje-1-2048x2048.png 2048w, https:\/\/hospedajemagdalenhouse.com\/wp-content\/uploads\/2025\/06\/Equipaje-1-12x12.png 12w, https:\/\/hospedajemagdalenhouse.com\/wp-content\/uploads\/2025\/06\/Equipaje-1-1620x1620.png 1620w\" sizes=\"(max-width: 780px) 100vw, 780px\" title=\"\">\t\t\t\t\t\t\t\t\t\t\t\t\t\t\t<\/div>\n\t\t\t\t<\/div>\n\t\t\t\t<\/div>\n\t\t\t\t\t<\/div>\n\t\t\t\t<\/div>\n\t\t<div class=\"elementor-element elementor-element-f74af06 e-flex e-con-boxed e-con e-parent\" data-id=\"f74af06\" data-element_type=\"container\" data-e-type=\"container\">\n\t\t\t\t\t<div class=\"e-con-inner\">\n\t\t<div class=\"elementor-element elementor-element-d2bfa94 e-grid e-con-full e-con e-child\" data-id=\"d2bfa94\" data-element_type=\"container\" data-e-type=\"container\">\n\t\t\t\t<div class=\"elementor-element elementor-element-acbeb19 elementor-view-stacked elementor-position-inline-start elementor-shape-circle elementor-mobile-position-block-start elementor-widget elementor-widget-icon-box\" data-id=\"acbeb19\" data-element_type=\"widget\" data-e-type=\"widget\" data-widget_type=\"icon-box.default\">\n\t\t\t\t<div class=\"elementor-widget-container\">\n\t\t\t\t\t\t\t<div class=\"elementor-icon-box-wrapper\">\n\n\t\t\t\t\t\t<div class=\"elementor-icon-box-icon\">\n\t\t\t\t<span  class=\"elementor-icon\">\n\t\t\t\t<svg aria-hidden=\"true\" class=\"e-font-icon-svg e-far-comments\" viewbox=\"0 0 576 512\" xmlns=\"http:\/\/www.w3.org\/2000\/svg\"><path d=\"M532 386.2c27.5-27.1 44-61.1 44-98.2 0-80-76.5-146.1-176.2-157.9C368.3 72.5 294.3 32 208 32 93.1 32 0 103.6 0 192c0 37 16.5 71 44 98.2-15.3 30.7-37.3 54.5-37.7 54.9-6.3 6.7-8.1 16.5-4.4 25 3.6 8.5 12 14 21.2 14 53.5 0 96.7-20.2 125.2-38.8 9.2 2.1 18.7 3.7 28.4 4.9C208.1 407.6 281.8 448 368 448c20.8 0 40.8-2.4 59.8-6.8C456.3 459.7 499.4 480 553 480c9.2 0 17.5-5.5 21.2-14 3.6-8.5 1.9-18.3-4.4-25-.4-.3-22.5-24.1-37.8-54.8zm-392.8-92.3L122.1 305c-14.1 9.1-28.5 16.3-43.1 21.4 2.7-4.7 5.4-9.7 8-14.8l15.5-31.1L77.7 256C64.2 242.6 48 220.7 48 192c0-60.7 73.3-112 160-112s160 51.3 160 112-73.3 112-160 112c-16.5 0-33-1.9-49-5.6l-19.8-4.5zM498.3 352l-24.7 24.4 15.5 31.1c2.6 5.1 5.3 10.1 8 14.8-14.6-5.1-29-12.3-43.1-21.4l-17.1-11.1-19.9 4.6c-16 3.7-32.5 5.6-49 5.6-54 0-102.2-20.1-131.3-49.7C338 339.5 416 272.9 416 192c0-3.4-.4-6.7-.7-10C479.7 196.5 528 238.8 528 288c0 28.7-16.2 50.6-29.7 64z\"><\/path><\/svg>\t\t\t\t<\/span>\n\t\t\t<\/div>\n\t\t\t\n\t\t\t\t\t\t<div class=\"elementor-icon-box-content\">\n\n\t\t\t\t\t\t\t\t\t<h3 class=\"elementor-icon-box-title\">\n\t\t\t\t\t\t<span  >\n\t\t\t\t\t\t\tSoporte al Cliente 24\/7\t\t\t\t\t\t<\/span>\n\t\t\t\t\t<\/h3>\n\t\t\t\t\n\t\t\t\t\t\t\t\t\t<p class=\"elementor-icon-box-description\">\n\t\t\t\t\t\tAtenci\u00f3n al cliente las 24 horas al d\u00eda, los 7 d\u00edas de la semana. \t\t\t\t\t<\/p>\n\t\t\t\t\n\t\t\t<\/div>\n\t\t\t\n\t\t<\/div>\n\t\t\t\t\t\t<\/div>\n\t\t\t\t<\/div>\n\t\t\t\t<div class=\"elementor-element elementor-element-d11632d elementor-view-stacked elementor-position-inline-start elementor-shape-circle elementor-mobile-position-block-start elementor-widget elementor-widget-icon-box\" data-id=\"d11632d\" data-element_type=\"widget\" data-e-type=\"widget\" data-widget_type=\"icon-box.default\">\n\t\t\t\t<div class=\"elementor-widget-container\">\n\t\t\t\t\t\t\t<div class=\"elementor-icon-box-wrapper\">\n\n\t\t\t\t\t\t<div class=\"elementor-icon-box-icon\">\n\t\t\t\t<span  class=\"elementor-icon\">\n\t\t\t\t<svg aria-hidden=\"true\" class=\"e-font-icon-svg e-fab-cc-visa\" viewbox=\"0 0 576 512\" xmlns=\"http:\/\/www.w3.org\/2000\/svg\"><path d=\"M470.1 231.3s7.6 37.2 9.3 45H446c3.3-8.9 16-43.5 16-43.5-.2.3 3.3-9.1 5.3-14.9l2.8 13.4zM576 80v352c0 26.5-21.5 48-48 48H48c-26.5 0-48-21.5-48-48V80c0-26.5 21.5-48 48-48h480c26.5 0 48 21.5 48 48zM152.5 331.2L215.7 176h-42.5l-39.3 106-4.3-21.5-14-71.4c-2.3-9.9-9.4-12.7-18.2-13.1H32.7l-.7 3.1c15.8 4 29.9 9.8 42.2 17.1l35.8 135h42.5zm94.4.2L272.1 176h-40.2l-25.1 155.4h40.1zm139.9-50.8c.2-17.7-10.6-31.2-33.7-42.3-14.1-7.1-22.7-11.9-22.7-19.2.2-6.6 7.3-13.4 23.1-13.4 13.1-.3 22.7 2.8 29.9 5.9l3.6 1.7 5.5-33.6c-7.9-3.1-20.5-6.6-36-6.6-39.7 0-67.6 21.2-67.8 51.4-.3 22.3 20 34.7 35.2 42.2 15.5 7.6 20.8 12.6 20.8 19.3-.2 10.4-12.6 15.2-24.1 15.2-16 0-24.6-2.5-37.7-8.3l-5.3-2.5-5.6 34.9c9.4 4.3 26.8 8.1 44.8 8.3 42.2.1 69.7-20.8 70-53zM528 331.4L495.6 176h-31.1c-9.6 0-16.9 2.8-21 12.9l-59.7 142.5H426s6.9-19.2 8.4-23.3H486c1.2 5.5 4.8 23.3 4.8 23.3H528z\"><\/path><\/svg>\t\t\t\t<\/span>\n\t\t\t<\/div>\n\t\t\t\n\t\t\t\t\t\t<div class=\"elementor-icon-box-content\">\n\n\t\t\t\t\t\t\t\t\t<h3 class=\"elementor-icon-box-title\">\n\t\t\t\t\t\t<span  >\n\t\t\t\t\t\t\tPagos Seguros\t\t\t\t\t\t<\/span>\n\t\t\t\t\t<\/h3>\n\t\t\t\t\n\t\t\t\t\t\t\t\t\t<p class=\"elementor-icon-box-description\">\n\t\t\t\t\t\tPagos seguros dentro de la plataforma de Stasher y Qeepl\t\t\t\t\t<\/p>\n\t\t\t\t\n\t\t\t<\/div>\n\t\t\t\n\t\t<\/div>\n\t\t\t\t\t\t<\/div>\n\t\t\t\t<\/div>\n\t\t\t\t<div class=\"elementor-element elementor-element-437336a elementor-view-stacked elementor-position-inline-start elementor-shape-circle elementor-mobile-position-block-start elementor-widget elementor-widget-icon-box\" data-id=\"437336a\" data-element_type=\"widget\" data-e-type=\"widget\" data-widget_type=\"icon-box.default\">\n\t\t\t\t<div class=\"elementor-widget-container\">\n\t\t\t\t\t\t\t<div class=\"elementor-icon-box-wrapper\">\n\n\t\t\t\t\t\t<div class=\"elementor-icon-box-icon\">\n\t\t\t\t<span  class=\"elementor-icon\">\n\t\t\t\t<svg aria-hidden=\"true\" class=\"e-font-icon-svg e-fas-key\" viewbox=\"0 0 512 512\" xmlns=\"http:\/\/www.w3.org\/2000\/svg\"><path d=\"M512 176.001C512 273.203 433.202 352 336 352c-11.22 0-22.19-1.062-32.827-3.069l-24.012 27.014A23.999 23.999 0 0 1 261.223 384H224v40c0 13.255-10.745 24-24 24h-40v40c0 13.255-10.745 24-24 24H24c-13.255 0-24-10.745-24-24v-78.059c0-6.365 2.529-12.47 7.029-16.971l161.802-161.802C163.108 213.814 160 195.271 160 176 160 78.798 238.797.001 335.999 0 433.488-.001 512 78.511 512 176.001zM336 128c0 26.51 21.49 48 48 48s48-21.49 48-48-21.49-48-48-48-48 21.49-48 48z\"><\/path><\/svg>\t\t\t\t<\/span>\n\t\t\t<\/div>\n\t\t\t\n\t\t\t\t\t\t<div class=\"elementor-icon-box-content\">\n\n\t\t\t\t\t\t\t\t\t<h3 class=\"elementor-icon-box-title\">\n\t\t\t\t\t\t<span  >\n\t\t\t\t\t\t\tSeguridad Asegurada\t\t\t\t\t\t<\/span>\n\t\t\t\t\t<\/h3>\n\t\t\t\t\n\t\t\t\t\t\t\t\t\t<p class=\"elementor-icon-box-description\">\n\t\t\t\t\t\tEstamos ubicados en el distrito m\u00e1s seguro de Lima: Magdalena del Mar\t\t\t\t\t<\/p>\n\t\t\t\t\n\t\t\t<\/div>\n\t\t\t\n\t\t<\/div>\n\t\t\t\t\t\t<\/div>\n\t\t\t\t<\/div>\n\t\t\t\t<\/div>\n\t\t\t\t\t<\/div>\n\t\t\t\t<\/div>\n\t\t\t\t<\/div>","protected":false},"excerpt":{"rendered":"<p>Guarder\u00eda de Equipaje en Lima En Magdalen House ahora somos punto oficial de Stasher y Qeepl. Guarda tus maletas en un espacio seguro y confiable, mientras disfrutas la ciudad sin preocupaciones. Estamos disponibles 24\/7, cerca del aeropuerto y los principales atractivos tur\u00edsticos. Viaja ligero, nosotros cuidamos lo tuyo. Usar Stasher Usar Qeepl Soporte al Cliente [&hellip;]<\/p>\n","protected":false},"author":1,"featured_media":0,"parent":0,"menu_order":0,"comment_status":"closed","ping_status":"closed","template":"","meta":{"footnotes":""},"class_list":["post-26113","page","type-page","status-publish","hentry"],"_links":{"self":[{"href":"https:\/\/hospedajemagdalenhouse.com\/en\/wp-json\/wp\/v2\/pages\/26113","targetHints":{"allow":["GET"]}}],"collection":[{"href":"https:\/\/hospedajemagdalenhouse.com\/en\/wp-json\/wp\/v2\/pages"}],"about":[{"href":"https:\/\/hospedajemagdalenhouse.com\/en\/wp-json\/wp\/v2\/types\/page"}],"author":[{"embeddable":true,"href":"https:\/\/hospedajemagdalenhouse.com\/en\/wp-json\/wp\/v2\/users\/1"}],"replies":[{"embeddable":true,"href":"https:\/\/hospedajemagdalenhouse.com\/en\/wp-json\/wp\/v2\/comments?post=26113"}],"version-history":[{"count":19,"href":"https:\/\/hospedajemagdalenhouse.com\/en\/wp-json\/wp\/v2\/pages\/26113\/revisions"}],"predecessor-version":[{"id":26568,"href":"https:\/\/hospedajemagdalenhouse.com\/en\/wp-json\/wp\/v2\/pages\/26113\/revisions\/26568"}],"wp:attachment":[{"href":"https:\/\/hospedajemagdalenhouse.com\/en\/wp-json\/wp\/v2\/media?parent=26113"}],"curies":[{"name":"wp","href":"https:\/\/api.w.org\/{rel}","templated":true}]}}