{"id":11050,"date":"2024-02-20T15:43:20","date_gmt":"2024-02-20T14:43:20","guid":{"rendered":"https:\/\/hospedajemagdalenhouse.com\/terminos-y-condiciones-2\/"},"modified":"2025-06-25T15:03:26","modified_gmt":"2025-06-25T20:03:26","slug":"terminos-y-condiciones-2","status":"publish","type":"page","link":"https:\/\/hospedajemagdalenhouse.com\/en\/terminos-y-condiciones-2\/","title":{"rendered":"T\u00e9rminos y condiciones"},"content":{"rendered":"<div data-elementor-type=\"wp-page\" data-elementor-id=\"11050\" class=\"elementor elementor-11050\" data-elementor-post-type=\"page\">\n\t\t\t\t<div class=\"elementor-element elementor-element-75af31aa e-flex e-con-boxed e-con e-parent\" data-id=\"75af31aa\" data-element_type=\"container\" data-e-type=\"container\" data-settings=\"{&quot;background_background&quot;:&quot;classic&quot;}\">\n\t\t\t\t\t<div class=\"e-con-inner\">\n\t\t\t\t<div class=\"elementor-element elementor-element-80747ec elementor-widget elementor-widget-heading\" data-id=\"80747ec\" data-element_type=\"widget\" data-e-type=\"widget\" data-widget_type=\"heading.default\">\n\t\t\t\t<div class=\"elementor-widget-container\">\n\t\t\t\t\t<h1 class=\"elementor-heading-title elementor-size-default\">TERMS AND CONDITIONS<\/h1>\t\t\t\t<\/div>\n\t\t\t\t<\/div>\n\t\t\t\t<div class=\"elementor-element elementor-element-51246596 elementor-widget elementor-widget-shortcode\" data-id=\"51246596\" data-element_type=\"widget\" data-e-type=\"widget\" data-widget_type=\"shortcode.default\">\n\t\t\t\t<div class=\"elementor-widget-container\">\n\t\t\t\t\t\t\t<div class=\"elementor-shortcode\">\n<!-- This legal document was generated by Complianz Terms &amp; Conditions https:\/\/wordpress.org\/plugins\/complianz-terms-conditions -->\n<div id=\"cmplz-document\" class=\"cmplz-document cmplz-terms-conditions\"><p><i>The Terms and Conditions were last updated on 8 March, 2024<\/i><\/p><h2>1. Introduction<\/h2><p>These Terms and conditions apply to this site and to the transactions related to our products and services. You may be bound by additional contracts related to your relationship with us or any products or services that you receive from us. If any provisions of the additional contracts conflict with any provisions of these Terms, the provisions of these additional contracts will control and prevail.<\/p><h2>2. Binding<\/h2><p>By registering with, accessing, or otherwise using this website, you hereby agree to be bound by these Terms and conditions set forth below. The mere use of this website implies the knowledge and acceptance of these Terms and conditions. In some particular cases, we can also ask you to explicitly agree.<\/p><h2>3. Intellectual property<\/h2><p>We or our licensors, own and control all of the copyright and other intellectual property rights in the website and the data, information, and other resources displayed by or accessed within the website.<\/p><p class=\"cmplz-subtitle\">3.1 All the rights are reserved<\/p><p>Unless specific content dictates otherwise, you are not granted a license or any other right under Copyright, Trademark, Patent, or other Intellectual Property Rights. This means that you will not use, copy, reproduce, perform, display, distribute, embed into any electronic medium, alter, reverse engineer, decompile, transfer, download, transmit, monetize, sell, market or commercialize any resources on this website in any form, without our prior written permission, except and only insofar as otherwise stipulated in regulations of mandatory law (such as the right to quote).<\/p><h2>4. Third-party property<\/h2><p>Our website may include hyperlinks or other references to other party&#039;s websites. We do not monitor or review the content of other party&#039;s websites which are linked to from this website. Products or services offered by other websites shall be subject to the applicable Terms and Conditions of those third parties. Opinions expressed or material appearing on those websites are not necessarily shared or endorsed by us.<\/p><p>We will not be responsible for any privacy practices or content of these sites. You bear all risks associated with the use of these websites and any related third-party services. We will not accept any responsibility for any loss or damage in whatever manner, however caused, resulting from your disclosure to third parties of personal information.<\/p><h2>5. Responsible use<\/h2><p>By visiting our website, you agree to use it only for the purposes intended and as permitted by these Terms, any additional contracts with us, and applicable laws, regulations and generally accepted online practices and industry guidelines. You must not use our website or services, to use, publish or distribute any material which consists of (or is linked to) malicious computer software; use data collected from our website for any direct marketing activity, or conduct any systematic or automated data collection activities on or in relation to our website.<\/p><p>Engaging in any activity that causes, or may cause, damage to the website or that interferes with the performance, availability, or accessibility of the website is strictly prohibited.<\/p><h2>6. Idea submission<\/h2><p>Do not submit any ideas, inventions, works of authorship, or other information that can be considered your own intellectual property that you would like to present to us unless we have first signed an agreement regarding the intellectual property or a non-disclosure agreement. If you disclose it to us absent such written agreement, you grant to us a worldwide, irrevocable, non-exclusive, royalty-free license to use, reproduce, store, adapt, publish, translate and distribute your content in any existing or future media.<\/p><h2>7. Termination of use<\/h2><p>We may, in our sole discretion, at any time, modify or discontinue access to, temporarily or permanently, the website or any Service thereon. You agree that we will not be liable to you or any third party for any such modification, suspension or discontinuance of your access to, or use of, the website or any content that you may have shared on the website. You will not be entitled to any compensation or other payment, even if certain features, settings, and\/or any Content you have contributed or have come to rely on, are permanently lost. You must not circumvent or bypass, or attempt to circumvent or bypass, any access restriction measures on our website.<\/p><h2>8. Warranties and liability<\/h2><p>Nothing in this section will limit or exclude any warranty implied by law that it would be unlawful to limit or to exclude. This website and all content on the website are provided on an \u201cas is\u201d and \u201cas available\u201d basis and may include inaccuracies or typographical errors. We expressly disclaim all warranties of any kind, whether express or implied, as to the availability, accuracy, or completeness of the Content. We make no warranty that:<\/p><p><ul>\n                    <li>this website or our content will meet your requirements;<\/li>\n                    <li>this website will be available on an uninterrupted, timely, secure, or error-free basis.<\/li>\n        <\/ul><\/p><p>Nothing on this website constitutes or is meant to constitute, legal, financial or medical advice of any kind. If you require advice you should consult an appropriate professional.<\/p><p>The following provisions of this section will apply to the maximum extent permitted by applicable law and will not limit or exclude our liability in respect of any matter which it would be unlawful or illegal for us to limit or to exclude our liability. In no event will we be liable for any direct or indirect damages (including any damages for loss of profits or revenue, loss or corruption of data, software or database, or loss of or harm to property or data) incurred by you or any third party, arising from your access to, or use of, our website.<\/p><p>Except to the extent any additional contract expressly states otherwise, our maximum liability to you for all damages arising out of or related to the website or any products and services marketed or sold through the website, regardless of the form of legal action that imposes liability (whether in contract, equity, negligence, intended conduct, tort or otherwise) will be limited to the total price that you paid to us to purchase such products or services or use the website. Such limit will apply in the aggregate to all of your claims, actions and causes of action of every kind and nature.<\/p><h2>9. Privacy<\/h2><p>To access our website and\/or services, you may be required to provide certain information about yourself as part of the registration process. You agree that any information you provide will always be accurate, correct, and up to date.<\/p><p>We have developed a policy to address any privacy concerns you may have. For more information, please see our <a href=\"https:\/\/hospedajemagdalenhouse.com\/en\/terminos-y-condiciones-2\/\">Privacy Statement<\/a> and our <a href=\"https:\/\/hospedajemagdalenhouse.com\/en\/politica-de-cookies-br\/\">Cookie Policy<\/a>.<\/p><h2>10. Export restrictions \/ Legal compliance<\/h2><p>Access to the website from territories or countries where the Content or purchase of the products or Services sold on the website is illegal is prohibited. You may not use this website in violation of export laws and regulations of Peru.<\/p><h2>11. Assignment<\/h2><p>You may not assign, transfer or sub-contract any of your rights and\/or obligations under these Terms and conditions, in whole or in part, to any third party without our prior written consent. Any purported assignment in violation of this Section will be null and void.<\/p><h2>12. Breaches of these Terms and conditions<\/h2><p>Without prejudice to our other rights under these Terms and Conditions, if you breach these Terms and Conditions in any way, we may take such action as we deem appropriate to deal with the breach, including temporarily or permanently suspending your access to the website, contacting your internet service provider to request that they block your access to the website, and\/or commence legal action against you.<\/p><h2>13. Indemnification<\/h2><p>You agree to indemnify, defend and hold us harmless, from and against any and all claims, liabilities, damages, losses and expenses, relating to your violation of these Terms and conditions, and applicable laws, including intellectual property rights and privacy rights. You will promptly reimbursed us for our damages, losses, costs and expenses relating to or arising out of such claims.<\/p><h2>14. Waiver<\/h2><p>Failure to enforce any of the provisions set out in these Terms and Conditions and any Agreement, or failure to exercise any option to terminate, shall not be construed as waiver of such provisions and shall not affect the validity of these Terms and Conditions or of any Agreement or any part thereof, or the right thereafter to enforce each and every provision.<\/p><h2>15. Language<\/h2><p>These Terms and Conditions will be interpreted and construed exclusively in Spanish; Castilian.&nbsp;All notices and correspondence will be written exclusively in that language.<\/p><h2>16. Entire agreement<\/h2><p>These Terms and Conditions, together with our <a href=\"https:\/\/hospedajemagdalenhouse.com\/en\/terminos-y-condiciones-2\/\">privacy statement<\/a> and <a href=\"https:\/\/hospedajemagdalenhouse.com\/en\/politica-de-cookies-br\/\">cookie policy<\/a>, constitute the entire agreement between you and Magdalen House in relation to your use of this website.<\/p><h2>17. Updating of these Terms and conditions<\/h2><p>We may update these Terms and Conditions from time to time. The date provided at the beginning of these Terms and Conditions is the latest revision date. We will give you a written notice of any changes or updates, and the revised Terms and Conditions will become effective from the date that we give you such a notice. Your continued use of this website following the posting of changes or updates will be considered notice of your acceptance to abide by and be bound by these Terms and Conditions. To request a prior version of these Terms and conditions, please contact us.<\/p><h2>18. Choice of Law and Jurisdiction<\/h2><p>These Terms and Conditions shall be governed by the laws of Peru. Any disputes relating to these Terms and Conditions shall be subject to the jurisdiction of the courts of Peru. If any part or provision of these Terms and Conditions is found by a court or other authority to be invalid and\/or unenforceable under applicable law, such part or provision will be modified, deleted, and\/or enforced to the maximum extent permissible so as to give effect to the intent of these Terms and Conditions. The other provisions will not be affected.<\/p><h2>19. Contact information<\/h2><p>This website is owned and operated by Magdalen House.<\/p><p>You may contact us regarding these Terms and Conditions by telephone, on the contact number published on our website.<\/p><h2>20. Download<\/h2><p>You can also <a href=\"https:\/\/hospedajemagdalenhouse.com\/wp-content\/plugins\/complianz-terms-conditions\/download.php\">download<\/a> our Terms and Conditions as a PDF.<\/p><\/div><\/div>\n\t\t\t\t\t\t<\/div>\n\t\t\t\t<\/div>\n\t\t\t\t<div class=\"elementor-element elementor-element-f1454ba elementor-widget elementor-widget-heading\" data-id=\"f1454ba\" data-element_type=\"widget\" data-e-type=\"widget\" data-widget_type=\"heading.default\">\n\t\t\t\t<div class=\"elementor-widget-container\">\n\t\t\t\t\t<h3 class=\"elementor-heading-title elementor-size-default\">21. Service description:<\/h3>\t\t\t\t<\/div>\n\t\t\t\t<\/div>\n\t\t\t\t<div class=\"elementor-element elementor-element-ab0b751 elementor-widget elementor-widget-text-editor\" data-id=\"ab0b751\" data-element_type=\"widget\" data-e-type=\"widget\" data-widget_type=\"text-editor.default\">\n\t\t\t\t<div class=\"elementor-widget-container\">\n\t\t\t\t\t\t\t\t\t<p>\u00a0MagdalenHouse is a business that offers the service of renting of rooms in Lima and vacation rentals in Tarapoto.<br \/>Taking into Lima 4 types of rooms, which would be:<\/p><ul><li>Standard room.<\/li><li>Double room.<\/li><li>Triple Room.<\/li><li>Family room.<\/li><\/ul><p>The measures, the amenities and everything included in each room are specified in the various tabs of our website <a href=\"https:\/\/hospedajemagdalenhouse.com.\">https:\/\/hospedajemagdalenhouse.com.<\/a> In the city of Tarapoto, we have 4 vacation rentals and a full house at the disposal of the guest.<\/p>\t\t\t\t\t\t\t\t<\/div>\n\t\t\t\t<\/div>\n\t\t\t\t<div class=\"elementor-element elementor-element-21e409d elementor-widget elementor-widget-heading\" data-id=\"21e409d\" data-element_type=\"widget\" data-e-type=\"widget\" data-widget_type=\"heading.default\">\n\t\t\t\t<div class=\"elementor-widget-container\">\n\t\t\t\t\t<h3 class=\"elementor-heading-title elementor-size-default\">22. The responsibility of User:<\/h3>\t\t\t\t<\/div>\n\t\t\t\t<\/div>\n\t\t\t\t<div class=\"elementor-element elementor-element-df5cddb elementor-widget elementor-widget-text-editor\" data-id=\"df5cddb\" data-element_type=\"widget\" data-e-type=\"widget\" data-widget_type=\"text-editor.default\">\n\t\t\t\t<div class=\"elementor-widget-container\">\n\t\t\t\t\t\t\t\t\t<p>It is the responsibility of the user to make good use of the facilities of the space where you&#039;ll enjoy your stay, it is forbidden to do material damage to the premises.<\/p><p>Otherwise you will incur penalties or repairs monetary corresponding to the severity of the damage.<\/p>\t\t\t\t\t\t\t\t<\/div>\n\t\t\t\t<\/div>\n\t\t\t\t<div class=\"elementor-element elementor-element-ecc80b2 elementor-widget elementor-widget-heading\" data-id=\"ecc80b2\" data-element_type=\"widget\" data-e-type=\"widget\" data-widget_type=\"heading.default\">\n\t\t\t\t<div class=\"elementor-widget-container\">\n\t\t\t\t\t<h3 class=\"elementor-heading-title elementor-size-default\">23. Pricing policies and payments:<\/h3>\t\t\t\t<\/div>\n\t\t\t\t<\/div>\n\t\t\t\t<div class=\"elementor-element elementor-element-ef65886 elementor-widget elementor-widget-text-editor\" data-id=\"ef65886\" data-element_type=\"widget\" data-e-type=\"widget\" data-widget_type=\"text-editor.default\">\n\t\t\t\t<div class=\"elementor-widget-container\">\n\t\t\t\t\t\t\t\t\t<p>The price of each service varies depending on the type of accommodation selected.<\/p><p>It is the responsibility of the host to check if it is in accordance with the price shown in the section of billing once this, you pay for your apartment or room.<\/p><p>The user\/guest can use all means of payment that offers the check out web page <a href=\"https:\/\/hospedajemagdalenhouse.com\/en\/\">hospedajemagdalenhouse.com<\/a><\/p><p>If the user\/guest is dissatisfied with the pricing, you must not continue or close the payment process, since the acceptance of the prices displayed to the user claims to be in accord with the prices.<\/p>\t\t\t\t\t\t\t\t<\/div>\n\t\t\t\t<\/div>\n\t\t\t\t<div class=\"elementor-element elementor-element-4fc6505 elementor-widget elementor-widget-heading\" data-id=\"4fc6505\" data-element_type=\"widget\" data-e-type=\"widget\" data-widget_type=\"heading.default\">\n\t\t\t\t<div class=\"elementor-widget-container\">\n\t\t\t\t\t<h3 class=\"elementor-heading-title elementor-size-default\">Cancellation policies and reempolso<\/h3>\t\t\t\t<\/div>\n\t\t\t\t<\/div>\n\t\t\t\t<div class=\"elementor-element elementor-element-367ae37 elementor-widget elementor-widget-text-editor\" data-id=\"367ae37\" data-element_type=\"widget\" data-e-type=\"widget\" data-widget_type=\"text-editor.default\">\n\t\t\t\t<div class=\"elementor-widget-container\">\n\t\t\t\t\t\t\t\t\t<p>Once paid, book a room or department there is no right to a refund, since the customer, you must be 100% sure of your purchase before you confirm, the company is not responsible or liable for misuse of credit cards by third parties are not owners, as is each person&#039;s responsibility to take care of their private data and access.<\/p><p>In addition, it reiterates the customer to be sure of making your purchase before you confirm it.<\/p>\t\t\t\t\t\t\t\t<\/div>\n\t\t\t\t<\/div>\n\t\t\t\t<div class=\"elementor-element elementor-element-bf15bee elementor-widget elementor-widget-heading\" data-id=\"bf15bee\" data-element_type=\"widget\" data-e-type=\"widget\" data-widget_type=\"heading.default\">\n\t\t\t\t<div class=\"elementor-widget-container\">\n\t\t\t\t\t<h3 class=\"elementor-heading-title elementor-size-default\">Statement of Objects of Value:<\/h3>\t\t\t\t<\/div>\n\t\t\t\t<\/div>\n\t\t\t\t<div class=\"elementor-element elementor-element-15e27c6 elementor-widget elementor-widget-text-editor\" data-id=\"15e27c6\" data-element_type=\"widget\" data-e-type=\"widget\" data-widget_type=\"text-editor.default\">\n\t\t\t\t<div class=\"elementor-widget-container\">\n\t\t\t\t\t\t\t\t\t<p>For security reasons, all guests entering the stay, must declare any object of great value at the time of admission (Check in). This allows us to take preventive measures to protect their object of great value during your stay. The omission of this statement relieve the hosting of the responsibility for the loss, theft of that object.<\/p>\t\t\t\t\t\t\t\t<\/div>\n\t\t\t\t<\/div>\n\t\t\t\t<div class=\"elementor-element elementor-element-7887e4b elementor-widget elementor-widget-heading\" data-id=\"7887e4b\" data-element_type=\"widget\" data-e-type=\"widget\" data-widget_type=\"heading.default\">\n\t\t\t\t<div class=\"elementor-widget-container\">\n\t\t\t\t\t<h3 class=\"elementor-heading-title elementor-size-default\">Privacy policy: <\/h3>\t\t\t\t<\/div>\n\t\t\t\t<\/div>\n\t\t\t\t<div class=\"elementor-element elementor-element-b4c5596 elementor-widget elementor-widget-text-editor\" data-id=\"b4c5596\" data-element_type=\"widget\" data-e-type=\"widget\" data-widget_type=\"text-editor.default\">\n\t\t\t\t<div class=\"elementor-widget-container\">\n\t\t\t\t\t\t\t\t\t<p>En cumplimiento de la Ley N.\u00ba 29733 \u2013 Ley de Protecci\u00f3n de Datos Personales y su Reglamento (D.S. N.\u00ba 003-2013-JUS), informamos a nuestros hu\u00e9spedes y visitantes que los datos personales que proporcionen a Magdalen House ser\u00e1n tratados con estricta confidencialidad y conforme a los siguientes fines:<\/p>\n<ul>\n<li>Gestionar reservas, pagos y otros servicios relacionados con su estad\u00eda.<\/li>\n\n<li>Cumplir con obligaciones legales ante entidades fiscalizadoras o reguladoras.<\/li>\n\n<li>Brindar informaci\u00f3n relevante sobre su experiencia durante la estad\u00eda (check-in, check-out, recomendaciones, entre otros).<\/li>\n\n<li>(Con consentimiento expreso) Enviar promociones, encuestas de satisfacci\u00f3n o contenido informativo vinculado a nuestros servicios.<\/li>\n<\/ul>\n\nLos datos ser\u00e1n almacenados de manera segura, adoptando las medidas t\u00e9cnicas y organizativas necesarias para evitar su alteraci\u00f3n, p\u00e9rdida, tratamiento no autorizado o acceso indebido.\n\nMagdalen House no compartir\u00e1 sus datos con terceros, salvo requerimiento legal o consentimiento expreso del titular.\n\nEl titular de los datos puede ejercer sus derechos de acceso, rectificaci\u00f3n, cancelaci\u00f3n y oposici\u00f3n (ARCO) escribiendo al correo: <b>magdalenhouse@gmail.com<\/b>\n\t\t\t\t\t\t\t\t<\/div>\n\t\t\t\t<\/div>\n\t\t\t\t<div class=\"elementor-element elementor-element-cfa31c2 elementor-widget elementor-widget-heading\" data-id=\"cfa31c2\" data-element_type=\"widget\" data-e-type=\"widget\" data-widget_type=\"heading.default\">\n\t\t\t\t<div class=\"elementor-widget-container\">\n\t\t\t\t\t<h3 class=\"elementor-heading-title elementor-size-default\">Agreement of arbitration and dispute resolution: <\/h3>\t\t\t\t<\/div>\n\t\t\t\t<\/div>\n\t\t\t\t<div class=\"elementor-element elementor-element-94d81e3 elementor-widget elementor-widget-text-editor\" data-id=\"94d81e3\" data-element_type=\"widget\" data-e-type=\"widget\" data-widget_type=\"text-editor.default\">\n\t\t\t\t<div class=\"elementor-widget-container\">\n\t\t\t\t\t\t\t\t\t<p>In case of any problem or dispute the user\/guest, you may contact the numbers of cell +51 999 279 041 \u2013 Lima and +51 921 814145 \u2013 Tarapoto, to resolve any dispute or problem that exists about it.<\/p>\t\t\t\t\t\t\t\t<\/div>\n\t\t\t\t<\/div>\n\t\t\t\t<div class=\"elementor-element elementor-element-80a9550 elementor-widget elementor-widget-heading\" data-id=\"80a9550\" data-element_type=\"widget\" data-e-type=\"widget\" data-widget_type=\"heading.default\">\n\t\t\t\t<div class=\"elementor-widget-container\">\n\t\t\t\t\t<h3 class=\"elementor-heading-title elementor-size-default\">Acceptable use policy: <\/h3>\t\t\t\t<\/div>\n\t\t\t\t<\/div>\n\t\t\t\t<div class=\"elementor-element elementor-element-80dd00e elementor-widget elementor-widget-text-editor\" data-id=\"80dd00e\" data-element_type=\"widget\" data-e-type=\"widget\" data-widget_type=\"text-editor.default\">\n\t\t\t\t<div class=\"elementor-widget-container\">\n\t\t\t\t\t\t\t\t\t<p>In all the hotels there is a regulation, prohibitions and activities not tolerable, it is important that each guest upon arrival check all that this implies in order to comply with the acceptable use policies<\/p>\t\t\t\t\t\t\t\t<\/div>\n\t\t\t\t<\/div>\n\t\t\t\t<div class=\"elementor-element elementor-element-f8f1ce9 elementor-widget elementor-widget-heading\" data-id=\"f8f1ce9\" data-element_type=\"widget\" data-e-type=\"widget\" data-widget_type=\"heading.default\">\n\t\t\t\t<div class=\"elementor-widget-container\">\n\t\t\t\t\t<h3 class=\"elementor-heading-title elementor-size-default\">Termination of service: <\/h3>\t\t\t\t<\/div>\n\t\t\t\t<\/div>\n\t\t\t\t<div class=\"elementor-element elementor-element-0d81dee elementor-widget elementor-widget-text-editor\" data-id=\"0d81dee\" data-element_type=\"widget\" data-e-type=\"widget\" data-widget_type=\"text-editor.default\">\n\t\t\t\t<div class=\"elementor-widget-container\">\n\t\t\t\t\t\t\t\t\t<p>The service ends when the host is removed or made your check-out of the accommodation, in the seat that is.<\/p>\t\t\t\t\t\t\t\t<\/div>\n\t\t\t\t<\/div>\n\t\t\t\t\t<\/div>\n\t\t\t\t<\/div>\n\t\t\t\t<\/div>","protected":false},"excerpt":{"rendered":"<p>TERMINOS Y CONDICIONES 21. Descripci\u00f3n del servicio: \u00a0MagdalenHouse es un negocio que ofrece el servicio de alquiler de habitaciones en Lima y Departamentos vacacionales en Tarapoto.Teniendo en Lima 4 tipos de habitaciones, las cuales ser\u00edan: Habitaci\u00f3n est\u00e1ndar. Habitaci\u00f3n matrimonial. Habitaci\u00f3n Triple. Habitaci\u00f3n familiar. Las medidas, los amenities y todo lo que incluye cada habitaci\u00f3n est\u00e1n [&hellip;]<\/p>\n","protected":false},"author":1,"featured_media":0,"parent":0,"menu_order":0,"comment_status":"closed","ping_status":"closed","template":"elementor_header_footer","meta":{"footnotes":""},"class_list":["post-11050","page","type-page","status-publish","hentry"],"_links":{"self":[{"href":"https:\/\/hospedajemagdalenhouse.com\/en\/wp-json\/wp\/v2\/pages\/11050","targetHints":{"allow":["GET"]}}],"collection":[{"href":"https:\/\/hospedajemagdalenhouse.com\/en\/wp-json\/wp\/v2\/pages"}],"about":[{"href":"https:\/\/hospedajemagdalenhouse.com\/en\/wp-json\/wp\/v2\/types\/page"}],"author":[{"embeddable":true,"href":"https:\/\/hospedajemagdalenhouse.com\/en\/wp-json\/wp\/v2\/users\/1"}],"replies":[{"embeddable":true,"href":"https:\/\/hospedajemagdalenhouse.com\/en\/wp-json\/wp\/v2\/comments?post=11050"}],"version-history":[{"count":0,"href":"https:\/\/hospedajemagdalenhouse.com\/en\/wp-json\/wp\/v2\/pages\/11050\/revisions"}],"wp:attachment":[{"href":"https:\/\/hospedajemagdalenhouse.com\/en\/wp-json\/wp\/v2\/media?parent=11050"}],"curies":[{"name":"wp","href":"https:\/\/api.w.org\/{rel}","templated":true}]}}